{"id":392,"date":"2024-02-22T23:22:40","date_gmt":"2024-02-22T22:22:40","guid":{"rendered":"https:\/\/unepatteunsabot.fr\/?page_id=392"},"modified":"2024-02-22T23:22:41","modified_gmt":"2024-02-22T22:22:41","slug":"392-2","status":"publish","type":"page","link":"https:\/\/unepatteunsabot.fr\/?page_id=392","title":{"rendered":""},"content":{"rendered":"\n<h1 class=\"wp-block-heading has-text-align-center has-custom-couleur-5-color has-text-color has-link-color wp-elements-741da775f930a2457f5f401bc7a83009\"><strong>Mentions L\u00e9gales<\/strong><\/h1>\n\n\n\n<p class=\"has-custom-couleur-5-color has-text-color has-link-color wp-elements-b3c4c7d937f677e1aea55ed420cfb3a8\"><strong>\u00c9diteur du Site<\/strong><\/p>\n\n\n\n<p class=\"has-custom-couleur-5-color has-text-color has-link-color wp-elements-93691baf060df6eeea49c22ef4810f6a\">EI Une Patte Un Sabot, g\u00e9r\u00e9e par Lauren FROTTIER, 18 Avenue de Chavenay, 78340 Les Clayes Sous-Bois. T\u00e9l\u00e9phone : 06.50.31.96.43 Mail : unepatteunsabot@gmail.com <\/p>\n\n\n\n<p class=\"has-custom-couleur-5-color has-text-color has-link-color wp-elements-4628249af40259c391e2ba4af503e58c\">Num\u00e9ro de SIRET : 97796116800019<\/p>\n\n\n\n<p class=\"has-custom-couleur-5-color has-text-color has-link-color wp-elements-93231b9c4e307ab9411cc3ddf776f913\">Une Patte Un Sabot dispose d&#8217;une Assurance de Responsabilit\u00e9 Civile souscrit \u00e0 la MACIF N\u00b018854168<\/p>\n\n\n\n<p class=\"has-custom-couleur-5-color has-text-color has-link-color wp-elements-1ff81fd2ad229bd68e55b6ad37d8cb1e\">Une Patte Un Sabot est rattach\u00e9e au M\u00e9diateur \u00e0 la Consommation CM2C &#8211; 49 Rue de Ponthieu, 75008 Paris, https:\/\/cm2c.net <\/p>\n\n\n\n<p class=\"has-custom-couleur-5-color has-text-color has-link-color wp-elements-a1bd82dc104a590039d698ac1996867c\"><strong>H\u00e9bergeur du Site<\/strong><\/p>\n\n\n\n<p class=\"has-custom-couleur-5-color has-text-color has-link-color wp-elements-fdc0e92bd537f324c336e72a3c7c8496\">WordPress, WordPress.com<\/p>\n\n\n\n<p class=\"has-custom-couleur-5-color has-text-color has-link-color wp-elements-0adb9c82eb830c34d2d176a1d4823c17\"> Automattic.inc, 60 29th Street #343 San Francisco, CA 94110 United States Of America, (877) 273-3049.<\/p>\n\n\n\n<p class=\"has-custom-couleur-5-color has-text-color has-link-color wp-elements-b89888615f82ca5fdd362091becdecad\"><strong>Propri\u00e9t\u00e9 Intellectuelle<\/strong><\/p>\n\n\n\n<p class=\"has-custom-couleur-5-color has-text-color has-link-color wp-elements-bb6cf75c64862ed0b83cde1b0df8435b\">Le contenu de ce site internet, y compris les textes, images, logos, et tout autre \u00e9l\u00e9ment, est prot\u00e9g\u00e9 par les lois sur la propri\u00e9t\u00e9 intellectuelle et est la propri\u00e9t\u00e9 exclusive de Une Patte Un Sabot ou de ses conc\u00e9dants de licence. Toute reproduction, repr\u00e9sentation, distribution ou exploitation de ce contenu, en tout ou en partie, est interdite sans l&#8217;autorisation pr\u00e9alable \u00e9crite de Une Patte Un Sabot.<\/p>\n\n\n\n<p class=\"has-custom-couleur-5-color has-text-color has-link-color wp-elements-58e0495b5128261b13b03f1f24537115\"><strong>Responsabilit\u00e9<\/strong><\/p>\n\n\n\n<p class=\"has-custom-couleur-5-color has-text-color has-link-color wp-elements-5d7c341d93595c3dc4b3e48770730819\">Une Patte Un Sabot s&#8217;efforce de fournir des informations exactes et \u00e0 jour sur ce site internet, mais ne peut garantir l&#8217;exactitude, l&#8217;exhaustivit\u00e9 ou l&#8217;actualit\u00e9 de ces informations. En cons\u00e9quence, Une Patte Un Sabot d\u00e9cline toute responsabilit\u00e9 en cas d&#8217;erreur ou d&#8217;omission dans le contenu de ce site.<\/p>\n\n\n\n<p class=\"has-custom-couleur-5-color has-text-color has-link-color wp-elements-601468248257abbe8064c3023902d91f\"><strong>Liens Hypertextes<\/strong><\/p>\n\n\n\n<p class=\"has-custom-couleur-5-color has-text-color has-link-color wp-elements-46f6aa1b573572a54df82da8a8b2953a\">Ce site internet peut contenir des liens vers des sites web tiers. Une Patte Un Sabot n&#8217;a aucun contr\u00f4le sur le contenu de ces sites et d\u00e9cline toute responsabilit\u00e9 quant \u00e0 leur contenu ou \u00e0 leur utilisation.<\/p>\n\n\n\n<p class=\"has-custom-couleur-5-color has-text-color has-link-color wp-elements-9311800459bb082d76ef41720f3191ad\"><strong>Donn\u00e9es Personnelles<\/strong><\/p>\n\n\n\n<p class=\"has-custom-couleur-5-color has-text-color has-link-color wp-elements-ec45dd619b10efa166ccff3f38e879be\">Pour en savoir plus sur la collecte et l&#8217;utilisation de vos donn\u00e9es personnelles, veuillez consulter notre Politique de Confidentialit\u00e9.<\/p>\n\n\n\n<p class=\"has-custom-couleur-5-color has-text-color has-link-color wp-elements-d451c6138127ee7dea183751c952da3e\"><strong>Droit Applicable et Juridiction comp\u00e9tente<\/strong><\/p>\n\n\n\n<p class=\"has-custom-couleur-5-color has-text-color has-link-color wp-elements-02b2b355008d88e7e66228cbf9949a14\">Les pr\u00e9sentes mentions l\u00e9gales sont r\u00e9gies par le droit fran\u00e7ais. En cas de litige, les tribunaux fran\u00e7ais seront seuls comp\u00e9tents.<\/p>\n\n\n\n<p class=\"has-custom-couleur-5-color has-text-color has-link-color wp-elements-6010df866153ce5a144a7b952be178c4\"><strong>Contact<\/strong><\/p>\n\n\n\n<p class=\"has-custom-couleur-5-color has-text-color has-link-color wp-elements-5f52ed606f6f28590cfd2d90c816b458\">Pour toute question concernant ces mentions l\u00e9gales, veuillez nous contacter \u00e0 l&#8217;adresse suivante : unepatteunsabot@gmail.com<\/p>\n\n\n\n<p class=\"has-custom-couleur-5-color has-text-color has-link-color wp-elements-675825befce9d76d60df27ae4dd4737b\">Derni\u00e8re mise \u00e0 jour : 22\/02\/2024<\/p>\n","protected":false},"excerpt":{"rendered":"<p>Mentions L\u00e9gales \u00c9diteur du Site EI Une Patte Un Sabot, g\u00e9r\u00e9e par Lauren FROTTIER, 18 Avenue de Chavenay, 78340 Les Clayes Sous-Bois. T\u00e9l\u00e9phone : 06.50.31.96.43 Mail : unepatteunsabot@gmail.com Num\u00e9ro de SIRET : 97796116800019 Une Patte Un Sabot dispose d&#8217;une Assurance de Responsabilit\u00e9 Civile souscrit \u00e0 la MACIF N\u00b018854168 Une Patte Un Sabot est rattach\u00e9e au [&hellip;]<\/p>\n","protected":false},"author":1,"featured_media":0,"parent":0,"menu_order":0,"comment_status":"closed","ping_status":"closed","template":"","meta":{"om_disable_all_campaigns":false,"_monsterinsights_skip_tracking":false,"_monsterinsights_sitenote_active":false,"_monsterinsights_sitenote_note":"","_monsterinsights_sitenote_category":0,"footnotes":""},"class_list":["post-392","page","type-page","status-publish","hentry"],"aioseo_notices":[],"_links":{"self":[{"href":"https:\/\/unepatteunsabot.fr\/index.php?rest_route=\/wp\/v2\/pages\/392","targetHints":{"allow":["GET"]}}],"collection":[{"href":"https:\/\/unepatteunsabot.fr\/index.php?rest_route=\/wp\/v2\/pages"}],"about":[{"href":"https:\/\/unepatteunsabot.fr\/index.php?rest_route=\/wp\/v2\/types\/page"}],"author":[{"embeddable":true,"href":"https:\/\/unepatteunsabot.fr\/index.php?rest_route=\/wp\/v2\/users\/1"}],"replies":[{"embeddable":true,"href":"https:\/\/unepatteunsabot.fr\/index.php?rest_route=%2Fwp%2Fv2%2Fcomments&post=392"}],"version-history":[{"count":1,"href":"https:\/\/unepatteunsabot.fr\/index.php?rest_route=\/wp\/v2\/pages\/392\/revisions"}],"predecessor-version":[{"id":393,"href":"https:\/\/unepatteunsabot.fr\/index.php?rest_route=\/wp\/v2\/pages\/392\/revisions\/393"}],"wp:attachment":[{"href":"https:\/\/unepatteunsabot.fr\/index.php?rest_route=%2Fwp%2Fv2%2Fmedia&parent=392"}],"curies":[{"name":"wp","href":"https:\/\/api.w.org\/{rel}","templated":true}]}}