{"id":54,"date":"2024-01-30T18:18:02","date_gmt":"2024-01-30T17:18:02","guid":{"rendered":"https:\/\/unepatteunsabot.fr\/?page_id=54"},"modified":"2026-02-28T19:39:57","modified_gmt":"2026-02-28T18:39:57","slug":"education","status":"publish","type":"page","link":"https:\/\/unepatteunsabot.fr\/?page_id=54","title":{"rendered":"Education Canine"},"content":{"rendered":"\n<div class=\"wp-block-group is-vertical is-layout-flex wp-container-core-group-is-layout-fe9cc265 wp-block-group-is-layout-flex\">\n<h2 class=\"wp-block-heading has-text-align-center has-custom-couleur-5-color has-text-color has-link-color wp-elements-ab5bc6b1026dce8ec0b2bee296b77b9a\" style=\"font-size:1.4rem;font-style:normal;font-weight:500\">Vous souhaitez apprendre \u00e0 votre Chien les Bases de l&#8217;Education Canine tout en cr\u00e9ant une Relation de Confiance :<\/h2>\n<\/div>\n\n\n\n<div class=\"wp-block-columns alignwide is-layout-flex wp-container-core-columns-is-layout-d2da2050 wp-block-columns-is-layout-flex\" style=\"margin-bottom:0\">\n<div class=\"wp-block-column has-light-color has-custom-couleur-4-background-color has-text-color has-background has-link-color wp-elements-bac7a1a4022d52cac96df3dbc868296c is-layout-flow wp-block-column-is-layout-flow\" style=\"padding-top:2em;padding-right:2em;padding-bottom:2em;padding-left:2em\">\n<h1 class=\"wp-block-heading has-text-align-center has-background-color has-text-color has-link-color wp-elements-3f1d58c1c90235bbcdf897ad1a74a12b\" id=\"single\" style=\"font-size:32px;text-transform:capitalize\"><strong>Bilan Comportemental<\/strong><\/h1>\n\n\n\n<p class=\"has-normal-font-size\" style=\"line-height:1.5\"><\/p>\n\n\n\n<hr class=\"wp-block-separator has-css-opacity is-style-wide\"\/>\n\n\n\n<p class=\"has-text-align-center has-background-color has-text-color has-link-color has-base-font-size wp-elements-42255b14fc4bb3e78edeb23a635950b4\">Entretien portant sur les Conditions de D\u00e9veloppement de votre Chien, son Environnement de Vie, sa Personnalit\u00e9, son Budget-Temps ainsi que ses Apprentissages et Exp\u00e9riences de Vie. Il permet de d\u00e9terminer vos attentes.<\/p>\n\n\n\n<hr class=\"wp-block-separator has-text-color has-light-color has-alpha-channel-opacity has-light-background-color has-background is-style-wide\"\/>\n\n\n\n<ul class=\"wp-block-list has-background-color has-text-color has-link-color wp-elements-224b4c20e59c5316e947c8a5fac3f2e8\">\n<li class=\"has-small-font-size\">Entretien d&#8217;environ 2h<\/li>\n\n\n\n<li class=\"has-small-font-size\">A votre domicile<\/li>\n\n\n\n<li class=\"has-small-font-size\">Compte-rendu par mail<\/li>\n\n\n\n<li class=\"has-small-font-size\">Plan de travail personnalis\u00e9 selon vos attentes<\/li>\n\n\n\n<li class=\"has-small-font-size\">Fiches conseils<\/li>\n<\/ul>\n\n\n\n<div class=\"wp-block-buttons alignfull is-horizontal is-content-justification-center is-layout-flex wp-container-core-buttons-is-layout-03627597 wp-block-buttons-is-layout-flex\">\n<div class=\"wp-block-button has-custom-width wp-block-button__width-100\"><a class=\"wp-block-button__link has-white-color has-custom-couleur-5-background-color has-text-color has-background no-border-radius wp-element-button\">100\u20ac<\/a><\/div>\n<\/div>\n<\/div>\n\n\n\n<div class=\"wp-block-column has-custom-couleur-4-background-color has-text-color has-background has-link-color wp-elements-f76d39105d37e19a434d7f89a3049d20 is-layout-flow wp-block-column-is-layout-flow\" style=\"color:#000000;padding-top:2em;padding-right:2em;padding-bottom:2em;padding-left:2em\">\n<h1 class=\"wp-block-heading has-text-align-center has-background-color has-text-color has-link-color wp-elements-09d9dcbf1bbe23356d9333b4a8856ab8\" id=\"family\" style=\"font-size:32px\"><strong>Cours d&#8217;Education<\/strong><\/h1>\n\n\n\n<p class=\"has-normal-font-size\" style=\"line-height:1.5\"><\/p>\n\n\n\n<p><\/p>\n\n\n\n<p><\/p>\n\n\n\n<hr class=\"wp-block-separator has-css-opacity is-style-wide\"\/>\n\n\n\n<p class=\"has-text-align-center has-light-color has-text-color has-link-color has-base-font-size wp-elements-7df51b8bc4270a9a3516af9eebbe0b3e\">Cours de mise en pratique permettant l&#8217;Apprentissage des Fondamentaux en Education Canine. De l&#8217;apprentissage de la Marche en laisse \u00e0 l&#8217;apprentissage du Rappel&#8230;<\/p>\n\n\n\n<hr class=\"wp-block-separator has-text-color has-light-color has-alpha-channel-opacity has-light-background-color has-background is-style-wide\"\/>\n\n\n\n<ul class=\"wp-block-list has-background-color has-text-color has-link-color wp-elements-dfe8c77a3ea9a4cfca83cbc5d50a418d\">\n<li class=\"has-small-font-size\">A votre domicile, en parc, en ville, en for\u00eat \/ dans les champs<\/li>\n\n\n\n<li class=\"has-small-font-size\">Dur\u00e9e d&#8217;1h<\/li>\n\n\n\n<li class=\"has-small-font-size\">Adapt\u00e9 \u00e0 vos besoins<\/li>\n<\/ul>\n\n\n\n<div class=\"wp-block-buttons alignfull is-horizontal is-content-justification-center is-layout-flex wp-container-core-buttons-is-layout-03627597 wp-block-buttons-is-layout-flex\">\n<div class=\"wp-block-button has-custom-width wp-block-button__width-100 is-style-fill\"><a class=\"wp-block-button__link has-white-color has-custom-couleur-5-background-color has-text-color has-background no-border-radius wp-element-button\">60\u20ac<\/a><\/div>\n<\/div>\n<\/div>\n\n\n\n<div class=\"wp-block-column has-custom-couleur-4-background-color has-text-color has-background has-link-color wp-elements-b3e184a916601a4d77e9bf9f410b8ba0 is-layout-flow wp-block-column-is-layout-flow\" style=\"color:#000000;padding-top:2em;padding-right:2em;padding-bottom:2em;padding-left:2em\">\n<h2 class=\"wp-block-heading has-text-align-center has-background-color has-text-color has-link-color wp-elements-d1502f4a41d7d9a23a9fa3396442407f\" id=\"patron\" style=\"font-size:33px\"><strong>Forfaits <\/strong><\/h2>\n\n\n\n<p class=\"has-normal-font-size\"><\/p>\n\n\n\n<hr class=\"wp-block-separator has-css-opacity is-style-wide\"\/>\n\n\n\n<p class=\"has-background-color has-text-color has-link-color has-base-font-size wp-elements-3ce8333b144e14c24c1da32cfea67a5b\"><strong>Forfait Chiot (-6 mois) :   <\/strong> <\/p>\n\n\n\n<ul class=\"wp-block-list has-background-color has-text-color has-link-color wp-elements-3e3c327513b56fea8f91ff54fb1f1ec8\">\n<li class=\"has-small-font-size\">Bilan Comportemental -&gt; 85\u20ac au lieu de 100\u20ac<\/li>\n\n\n\n<li class=\"has-small-font-size\">5 Cours d&#8217;Education Canine -&gt; 255\u20ac au lieu de 300\u20ac<\/li>\n<\/ul>\n\n\n\n<div class=\"wp-block-buttons alignfull is-horizontal is-content-justification-center is-layout-flex wp-container-core-buttons-is-layout-03627597 wp-block-buttons-is-layout-flex\">\n<div class=\"wp-block-button has-custom-width wp-block-button__width-100\"><a class=\"wp-block-button__link has-background-color has-custom-couleur-5-background-color has-text-color has-background has-link-color no-border-radius wp-element-button\">340\u20ac<\/a><\/div>\n<\/div>\n\n\n\n<hr class=\"wp-block-separator has-text-color has-light-color has-alpha-channel-opacity has-light-background-color has-background is-style-wide\"\/>\n\n\n\n<p class=\"has-background-color has-text-color has-link-color has-base-font-size wp-elements-84c63b82ad75295a87536e7392eeb143\"><strong>Forfait Chien (+6 mois) :   <\/strong> <\/p>\n\n\n\n<ul class=\"wp-block-list has-background-color has-text-color has-link-color wp-elements-098214a427afa0c73005198f23dfa1e7\">\n<li class=\"has-small-font-size\">Bilan Comportemental -&gt; 100\u20ac<\/li>\n\n\n\n<li class=\"has-small-font-size\">5 Cours d&#8217;Education Canine -&gt; 260\u20ac au lieu de 300\u20ac<\/li>\n<\/ul>\n\n\n\n<div class=\"wp-block-buttons alignfull is-horizontal is-content-justification-center is-layout-flex wp-container-core-buttons-is-layout-03627597 wp-block-buttons-is-layout-flex\">\n<div class=\"wp-block-button has-custom-width wp-block-button__width-100\"><a class=\"wp-block-button__link has-background-color has-custom-couleur-5-background-color has-text-color has-background has-link-color no-border-radius wp-element-button\">360\u20ac<\/a><\/div>\n<\/div>\n<\/div>\n<\/div>\n\n\n\n<div class=\"wp-block-group alignwide ona-container has-background-color has-custom-couleur-5-background-color has-text-color has-background has-link-color wp-elements-3f4e9bfa362ab409e95b9705786e4197 is-layout-flow wp-block-group-is-layout-flow\" style=\"padding-top:100px;padding-bottom:20px\">\n<p class=\"has-text-align-center has-light-color has-text-color has-link-color wp-elements-631ff96e54c61367507eb1b511d9c6f4\">Le Bilan Comportemental doit \u00eatre effectu\u00e9 avant le d\u00e9but de cours d&#8217;\u00e9ducation canine.<\/p>\n\n\n\n<p class=\"has-text-align-center has-background-color has-text-color has-link-color has-small-font-size wp-elements-5f041cb2295cb18d14e6b5ea10eb6c49\">*Pour les Chiens ayant d\u00e9j\u00e0 particip\u00e9 \u00e0 un Cours Collectif ou une Activit\u00e9, le Bilan Comportemental n&#8217;est pas obligatoire. De m\u00eame pour un Cours \u00e0 l&#8217;unit\u00e9 (Sous r\u00e9serve de l&#8217;acceptation d&#8217;Une Patte Un Sabot, en fonction des attentes).  A la place, un questionnaire devra \u00eatre rempli. <\/p>\n\n\n\n<figure class=\"wp-block-gallery has-nested-images columns-5 is-cropped wp-block-gallery-1 is-layout-flex wp-block-gallery-is-layout-flex\">\n<figure class=\"wp-block-image size-large\"><img loading=\"lazy\" decoding=\"async\" width=\"960\" height=\"640\" data-id=\"134\" src=\"https:\/\/unepatteunsabot.fr\/wp-content\/uploads\/2024\/02\/image-5.jpeg\" alt=\"\" class=\"wp-image-134\" srcset=\"https:\/\/unepatteunsabot.fr\/wp-content\/uploads\/2024\/02\/image-5.jpeg 960w, https:\/\/unepatteunsabot.fr\/wp-content\/uploads\/2024\/02\/image-5-300x200.jpeg 300w, https:\/\/unepatteunsabot.fr\/wp-content\/uploads\/2024\/02\/image-5-768x512.jpeg 768w\" sizes=\"auto, (max-width: 960px) 100vw, 960px\" \/><\/figure>\n\n\n\n<figure class=\"wp-block-image size-large\"><img loading=\"lazy\" decoding=\"async\" width=\"960\" height=\"640\" data-id=\"94\" src=\"https:\/\/unepatteunsabot.fr\/wp-content\/uploads\/2024\/01\/image-12.jpeg\" alt=\"\" class=\"wp-image-94\" srcset=\"https:\/\/unepatteunsabot.fr\/wp-content\/uploads\/2024\/01\/image-12.jpeg 960w, https:\/\/unepatteunsabot.fr\/wp-content\/uploads\/2024\/01\/image-12-300x200.jpeg 300w, https:\/\/unepatteunsabot.fr\/wp-content\/uploads\/2024\/01\/image-12-768x512.jpeg 768w\" sizes=\"auto, (max-width: 960px) 100vw, 960px\" \/><\/figure>\n\n\n\n<figure class=\"wp-block-image size-large\"><img loading=\"lazy\" decoding=\"async\" width=\"1024\" height=\"682\" data-id=\"131\" src=\"https:\/\/unepatteunsabot.fr\/wp-content\/uploads\/2024\/02\/image-2-1024x682.jpeg\" alt=\"\" class=\"wp-image-131\" srcset=\"https:\/\/unepatteunsabot.fr\/wp-content\/uploads\/2024\/02\/image-2-1024x682.jpeg 1024w, https:\/\/unepatteunsabot.fr\/wp-content\/uploads\/2024\/02\/image-2-300x200.jpeg 300w, https:\/\/unepatteunsabot.fr\/wp-content\/uploads\/2024\/02\/image-2-768x512.jpeg 768w, https:\/\/unepatteunsabot.fr\/wp-content\/uploads\/2024\/02\/image-2-1170x779.jpeg 1170w, https:\/\/unepatteunsabot.fr\/wp-content\/uploads\/2024\/02\/image-2.jpeg 1300w\" sizes=\"auto, (max-width: 1024px) 100vw, 1024px\" \/><\/figure>\n\n\n\n<figure class=\"wp-block-image size-large\"><img loading=\"lazy\" decoding=\"async\" width=\"1024\" height=\"683\" data-id=\"38\" src=\"https:\/\/unepatteunsabot.fr\/wp-content\/uploads\/2024\/01\/image-4-1024x683.jpeg\" alt=\"\" class=\"wp-image-38\" srcset=\"https:\/\/unepatteunsabot.fr\/wp-content\/uploads\/2024\/01\/image-4-1024x683.jpeg 1024w, https:\/\/unepatteunsabot.fr\/wp-content\/uploads\/2024\/01\/image-4-300x200.jpeg 300w, https:\/\/unepatteunsabot.fr\/wp-content\/uploads\/2024\/01\/image-4-768x512.jpeg 768w, https:\/\/unepatteunsabot.fr\/wp-content\/uploads\/2024\/01\/image-4-1170x780.jpeg 1170w, https:\/\/unepatteunsabot.fr\/wp-content\/uploads\/2024\/01\/image-4.jpeg 1300w\" sizes=\"auto, (max-width: 1024px) 100vw, 1024px\" \/><\/figure>\n\n\n\n<figure class=\"wp-block-image size-large\"><img loading=\"lazy\" decoding=\"async\" width=\"960\" height=\"640\" data-id=\"35\" src=\"https:\/\/unepatteunsabot.fr\/wp-content\/uploads\/2024\/01\/image-1.jpeg\" alt=\"\" class=\"wp-image-35\" srcset=\"https:\/\/unepatteunsabot.fr\/wp-content\/uploads\/2024\/01\/image-1.jpeg 960w, https:\/\/unepatteunsabot.fr\/wp-content\/uploads\/2024\/01\/image-1-300x200.jpeg 300w, https:\/\/unepatteunsabot.fr\/wp-content\/uploads\/2024\/01\/image-1-768x512.jpeg 768w\" sizes=\"auto, (max-width: 960px) 100vw, 960px\" \/><\/figure>\n<\/figure>\n\n\n\n<p class=\"has-text-align-center has-light-color has-text-color has-link-color has-small-font-size wp-elements-9efbc9f06e399a2cb182e9067aeb1fe9\">*Frais de d\u00e9placement inclus dans un rayon de 15km autour des Clayes Sous-Bois. Au del\u00e0 de 15km compter 0,85cts \/ km.<\/p>\n\n\n\n<p><\/p>\n<\/div>\n\n\n\n<p><\/p>\n","protected":false},"excerpt":{"rendered":"<p>Vous souhaitez apprendre \u00e0 votre Chien les Bases de l&#8217;Education Canine tout en cr\u00e9ant une Relation de Confiance : Bilan Comportemental Entretien portant sur les Conditions de D\u00e9veloppement de votre Chien, son Environnement de Vie, sa Personnalit\u00e9, son Budget-Temps ainsi que ses Apprentissages et Exp\u00e9riences de Vie. Il permet de d\u00e9terminer vos attentes. Cours d&#8217;Education [&hellip;]<\/p>\n","protected":false},"author":1,"featured_media":0,"parent":0,"menu_order":0,"comment_status":"closed","ping_status":"closed","template":"","meta":{"om_disable_all_campaigns":false,"_monsterinsights_skip_tracking":false,"_monsterinsights_sitenote_active":false,"_monsterinsights_sitenote_note":"","_monsterinsights_sitenote_category":0,"footnotes":""},"class_list":["post-54","page","type-page","status-publish","hentry"],"aioseo_notices":[],"_links":{"self":[{"href":"https:\/\/unepatteunsabot.fr\/index.php?rest_route=\/wp\/v2\/pages\/54","targetHints":{"allow":["GET"]}}],"collection":[{"href":"https:\/\/unepatteunsabot.fr\/index.php?rest_route=\/wp\/v2\/pages"}],"about":[{"href":"https:\/\/unepatteunsabot.fr\/index.php?rest_route=\/wp\/v2\/types\/page"}],"author":[{"embeddable":true,"href":"https:\/\/unepatteunsabot.fr\/index.php?rest_route=\/wp\/v2\/users\/1"}],"replies":[{"embeddable":true,"href":"https:\/\/unepatteunsabot.fr\/index.php?rest_route=%2Fwp%2Fv2%2Fcomments&post=54"}],"version-history":[{"count":76,"href":"https:\/\/unepatteunsabot.fr\/index.php?rest_route=\/wp\/v2\/pages\/54\/revisions"}],"predecessor-version":[{"id":616,"href":"https:\/\/unepatteunsabot.fr\/index.php?rest_route=\/wp\/v2\/pages\/54\/revisions\/616"}],"wp:attachment":[{"href":"https:\/\/unepatteunsabot.fr\/index.php?rest_route=%2Fwp%2Fv2%2Fmedia&parent=54"}],"curies":[{"name":"wp","href":"https:\/\/api.w.org\/{rel}","templated":true}]}}