{"id":59,"date":"2024-01-30T18:21:03","date_gmt":"2024-01-30T17:21:03","guid":{"rendered":"https:\/\/unepatteunsabot.fr\/?page_id=59"},"modified":"2026-02-28T19:24:59","modified_gmt":"2026-02-28T18:24:59","slug":"balades-educatives","status":"publish","type":"page","link":"https:\/\/unepatteunsabot.fr\/?page_id=59","title":{"rendered":""},"content":{"rendered":"\n<div class=\"wp-block-cover alignfull\" style=\"min-height:388px;aspect-ratio:unset;\"><img loading=\"lazy\" decoding=\"async\" width=\"960\" height=\"640\" class=\"wp-block-cover__image-background wp-image-37\" alt=\"\" src=\"https:\/\/unepatteunsabot.fr\/wp-content\/uploads\/2024\/01\/image-3.jpeg\" data-object-fit=\"cover\" srcset=\"https:\/\/unepatteunsabot.fr\/wp-content\/uploads\/2024\/01\/image-3.jpeg 960w, https:\/\/unepatteunsabot.fr\/wp-content\/uploads\/2024\/01\/image-3-300x200.jpeg 300w, https:\/\/unepatteunsabot.fr\/wp-content\/uploads\/2024\/01\/image-3-768x512.jpeg 768w\" sizes=\"auto, (max-width: 960px) 100vw, 960px\" \/><span aria-hidden=\"true\" class=\"wp-block-cover__background has-background-dim\"><\/span><div class=\"wp-block-cover__inner-container is-layout-flow wp-block-cover-is-layout-flow\">\n<h2 class=\"wp-block-heading has-text-align-center has-light-color has-text-color has-link-color has-large-font-size wp-elements-ac68a2e35d64700dd96fd2ccf32e0072\">Balades Educatives<\/h2>\n<\/div><\/div>\n\n\n\n<h1 class=\"wp-block-heading has-text-align-center has-custom-couleur-5-color has-text-color has-link-color wp-elements-b5425d71b1e2828a829d843c18581bb2\" style=\"font-size:1.4rem;font-style:normal;font-weight:500\">Quelque soit la race de votre chien, les balades sont n\u00e9cessaires \u00e0 son bien-\u00eatre et son bon d\u00e9veloppement. <\/h1>\n\n\n\n<div class=\"wp-block-columns alignwide is-layout-flex wp-container-core-columns-is-layout-d2da2050 wp-block-columns-is-layout-flex\" style=\"margin-bottom:0\">\n<div class=\"wp-block-column has-light-color has-custom-couleur-4-background-color has-text-color has-background has-link-color wp-elements-c7d5fa309ea03dce6f0c3e18674ec91a is-layout-flow wp-block-column-is-layout-flow\" style=\"padding-top:2em;padding-right:2em;padding-bottom:2em;padding-left:2em\">\n<h1 class=\"wp-block-heading has-text-align-center has-background-color has-text-color has-link-color wp-elements-9edf590e7439604123eda23ee902ebfc\" id=\"single\" style=\"font-size:32px;text-transform:capitalize\"><strong><font dir=\"auto\" style=\"vertical-align: inherit;\"><font dir=\"auto\" style=\"vertical-align: inherit;\">Balades \u00c9ducatives<\/font><\/font><\/strong> Individuelles<\/h1>\n\n\n\n<p class=\"has-normal-font-size\" style=\"line-height:1.5\"><\/p>\n\n\n\n<hr class=\"wp-block-separator has-css-opacity is-style-wide\"\/>\n\n\n\n<p class=\"has-text-align-center has-background-color has-text-color has-link-color has-base-font-size wp-elements-ba36c1a761a16c9516fae94dbc9dd4b1\">Les<strong> Balades Educatives Individuelles<\/strong> permettent de r\u00e9pondre aux Besoins Fondamentaux de votre Chien, tout en travaillant sur certains <strong>Apprentissages<\/strong> ou une <strong>Probl\u00e9matique <\/strong>donn\u00e9e. <\/p>\n\n\n\n<p class=\"has-text-align-center has-background-color has-text-color has-link-color has-base-font-size wp-elements-d25248065d5869ecfa5cef2dbbba9ce3\">Possibilit\u00e9 de travailler sur des <strong>Apprentissages <\/strong>\u00e0 renforcer comme le Rappel, les Trottoirs, la Marche en Laisse \/ Au Pied&#8230; Ainsi que de se concentrer sur des <strong>Probl\u00e9matiques <\/strong>: Phobies, R\u00e9activit\u00e9 aux Cong\u00e9n\u00e8res, R\u00e9activit\u00e9 aux V\u00e9hicules&#8230;<\/p>\n\n\n\n<hr class=\"wp-block-separator has-text-color has-light-color has-alpha-channel-opacity has-light-background-color has-background is-style-wide\"\/>\n\n\n\n<ul class=\"wp-block-list has-background-color has-text-color has-link-color wp-elements-ee4faae1707bb85de23c59058dbc26af\">\n<li class=\"has-small-font-size\">Balade d&#8217;1h<\/li>\n\n\n\n<li class=\"has-small-font-size\">Du Lundi au Vendredi<\/li>\n\n\n\n<li class=\"has-small-font-size\">Chien r\u00e9cup\u00e9r\u00e9 \u00e0 votre domicile (Possibilit\u00e9 de me confier vos Cl\u00e9s pour venir chercher votre Chien pendant vos Absences).<\/li>\n\n\n\n<li class=\"has-small-font-size\">D\u00e9part de Balade de votre domicile OU Transport en V\u00e9hicule Am\u00e9nag\u00e9 pour se rendre directement au lieu adapt\u00e9 \u00e0 la Balade (Ville, Parc, For\u00eat, Champs&#8230;).<\/li>\n<\/ul>\n\n\n\n<div class=\"wp-block-buttons alignfull is-horizontal is-content-justification-center is-layout-flex wp-container-core-buttons-is-layout-03627597 wp-block-buttons-is-layout-flex\">\n<div class=\"wp-block-button has-custom-width wp-block-button__width-100\"><a class=\"wp-block-button__link has-white-color has-custom-couleur-5-background-color has-text-color has-background no-border-radius wp-element-button\">25\u20ac<\/a><\/div>\n<\/div>\n<\/div>\n\n\n\n<div class=\"wp-block-column has-light-color has-custom-couleur-4-background-color has-text-color has-background has-link-color wp-elements-72adc05fa39bd1b1629272bcca477d67 is-layout-flow wp-block-column-is-layout-flow\" style=\"padding-top:2em;padding-right:2em;padding-bottom:2em;padding-left:2em\">\n<h2 class=\"wp-block-heading has-text-align-center has-background-color has-text-color has-link-color wp-elements-6ef52b6071dbb19f985a6a55dd8f97bb\" style=\"font-size:32px;text-transform:capitalize\"><strong><font dir=\"auto\" style=\"vertical-align: inherit;\"><font dir=\"auto\" style=\"vertical-align: inherit;\">Balades \u00c9ducatives<\/font><\/font><\/strong> Collectives<\/h2>\n\n\n\n<p class=\"has-text-align-center has-small-font-size\"><\/p>\n\n\n\n<hr class=\"wp-block-separator has-css-opacity is-style-wide\"\/>\n\n\n\n<p class=\"has-text-align-center has-background-color has-text-color has-link-color has-base-font-size wp-elements-4857884f0d2352e745d4a801ac66794c\">Les <strong>Balades Educatives Collectives<\/strong> r\u00e9pondent aux Besoins Fondamentaux de votre Chien. <\/p>\n\n\n\n<p class=\"has-text-align-center has-background-color has-text-color has-link-color has-base-font-size wp-elements-4cf2b0b59f1e5ef36144f473c6fe4b45\">C&#8217;est l&#8217;<strong>Occasion Parfaite <\/strong>pour permettre \u00e0 votre Chiot \/ Chien d<strong>&#8216;interagir avec des Cong\u00e9n\u00e8res<\/strong>, de fa\u00e7on adapt\u00e9e et s\u00e9curis\u00e9e. Les Groupes de Chiens sont form\u00e9s en fonction du Temp\u00e9rament, des Ententes et de la Sensibilit\u00e9 de chaque chien.<\/p>\n\n\n\n<p class=\"has-text-align-center has-background-color has-text-color has-link-color has-base-font-size wp-elements-ecf0ef3b6f5ee83c460bc0286049ba78\"><strong>Au Programme :<\/strong> Eliminations, Reniflage d&#8217;Odeurs, Fouille, Rencontres Cong\u00e9n\u00e8res, Jeux et Renforcement des Apprentissages. <\/p>\n\n\n\n<hr class=\"wp-block-separator has-text-color has-light-color has-alpha-channel-opacity has-light-background-color has-background is-style-wide\"\/>\n\n\n\n<ul class=\"wp-block-list has-background-color has-text-color has-link-color wp-elements-b128521211edac9b51f8b29398501bbc\">\n<li class=\"has-small-font-size\">Balade d&#8217;1h30 <\/li>\n\n\n\n<li class=\"has-small-font-size\">Les Lundis, Mardis, Mercredis et Jeudis <\/li>\n\n\n\n<li class=\"has-small-font-size\">Secteurs : Noisy le Roi, Marly le Roi, Le Chesnay, Jouars-Pontchartrain, Villepreux, Les Clayes Sous-Bois&#8230; (Autres secteurs sur demande).<\/li>\n\n\n\n<li class=\"has-small-font-size\">Chien r\u00e9cup\u00e9r\u00e9 \u00e0 votre domicile (Possibilit\u00e9 de me confier vos Cl\u00e9s pour venir chercher votre Chien pendant vos Absences).<\/li>\n\n\n\n<li class=\"has-small-font-size\">Transport des Chiens en V\u00e9hicule Am\u00e9nag\u00e9 pour se rendre en For\u00eat.<\/li>\n<\/ul>\n\n\n\n<div class=\"wp-block-buttons alignfull is-horizontal is-content-justification-center is-layout-flex wp-container-core-buttons-is-layout-03627597 wp-block-buttons-is-layout-flex\">\n<div class=\"wp-block-button has-custom-width wp-block-button__width-100\"><a class=\"wp-block-button__link has-white-color has-custom-couleur-5-background-color has-text-color has-background no-border-radius wp-element-button\">30\u20ac<\/a><\/div>\n<\/div>\n\n\n\n<p class=\"has-text-align-center\"><\/p>\n<\/div>\n<\/div>\n\n\n\n<p class=\"has-text-align-center\"><\/p>\n\n\n\n<p class=\"has-text-align-center has-custom-couleur-5-color has-text-color has-link-color has-base-font-size wp-elements-5f48bef105d59e6410f7619dbbbdde05\">Le Transport de votre Chien est r\u00e9alis\u00e9 dans un V\u00e9hicule Am\u00e9nag\u00e9 et enti\u00e8rement s\u00e9curis\u00e9. <\/p>\n\n\n\n<div class=\"wp-block-columns is-layout-flex wp-container-core-columns-is-layout-28f84493 wp-block-columns-is-layout-flex\">\n<div class=\"wp-block-column is-layout-flow wp-block-column-is-layout-flow\">\n<figure class=\"wp-block-image alignright size-large is-resized\"><img loading=\"lazy\" decoding=\"async\" width=\"576\" height=\"1024\" src=\"https:\/\/unepatteunsabot.fr\/wp-content\/uploads\/2026\/02\/WhatsApp-Image-2026-02-28-at-19.10.07-1-576x1024.jpeg\" alt=\"\" class=\"wp-image-606\" style=\"aspect-ratio:0.5625094711319897;width:261px;height:auto\" srcset=\"https:\/\/unepatteunsabot.fr\/wp-content\/uploads\/2026\/02\/WhatsApp-Image-2026-02-28-at-19.10.07-1-576x1024.jpeg 576w, https:\/\/unepatteunsabot.fr\/wp-content\/uploads\/2026\/02\/WhatsApp-Image-2026-02-28-at-19.10.07-1-169x300.jpeg 169w, https:\/\/unepatteunsabot.fr\/wp-content\/uploads\/2026\/02\/WhatsApp-Image-2026-02-28-at-19.10.07-1-768x1366.jpeg 768w, https:\/\/unepatteunsabot.fr\/wp-content\/uploads\/2026\/02\/WhatsApp-Image-2026-02-28-at-19.10.07-1-864x1536.jpeg 864w, https:\/\/unepatteunsabot.fr\/wp-content\/uploads\/2026\/02\/WhatsApp-Image-2026-02-28-at-19.10.07-1.jpeg 899w\" sizes=\"auto, (max-width: 576px) 100vw, 576px\" \/><\/figure>\n<\/div>\n\n\n\n<div class=\"wp-block-column is-layout-flow wp-block-column-is-layout-flow\">\n<figure class=\"wp-block-image size-large\"><img loading=\"lazy\" decoding=\"async\" width=\"768\" height=\"1024\" src=\"https:\/\/unepatteunsabot.fr\/wp-content\/uploads\/2026\/02\/WhatsApp-Image-2026-02-28-at-19.11.03-2-768x1024.jpeg\" alt=\"\" class=\"wp-image-608\" srcset=\"https:\/\/unepatteunsabot.fr\/wp-content\/uploads\/2026\/02\/WhatsApp-Image-2026-02-28-at-19.11.03-2-768x1024.jpeg 768w, https:\/\/unepatteunsabot.fr\/wp-content\/uploads\/2026\/02\/WhatsApp-Image-2026-02-28-at-19.11.03-2-225x300.jpeg 225w, https:\/\/unepatteunsabot.fr\/wp-content\/uploads\/2026\/02\/WhatsApp-Image-2026-02-28-at-19.11.03-2-1152x1536.jpeg 1152w, https:\/\/unepatteunsabot.fr\/wp-content\/uploads\/2026\/02\/WhatsApp-Image-2026-02-28-at-19.11.03-2-1170x1560.jpeg 1170w, https:\/\/unepatteunsabot.fr\/wp-content\/uploads\/2026\/02\/WhatsApp-Image-2026-02-28-at-19.11.03-2.jpeg 1200w\" sizes=\"auto, (max-width: 768px) 100vw, 768px\" \/><\/figure>\n<\/div>\n<\/div>\n\n\n\n<div class=\"wp-block-group alignwide ona-container has-background-color has-custom-couleur-5-background-color has-text-color has-background has-link-color wp-elements-c9a5387eefc7f10a87ce258172933f8b is-layout-flow wp-block-group-is-layout-flow\" style=\"padding-top:100px;padding-bottom:20px\">\n<p class=\"has-text-align-center has-light-color has-text-color has-link-color wp-elements-6ab060d9a0a9677e10524adb7d2b700c\">Un 1er Rendez-Vous doit \u00eatre effectu\u00e9 avant le d\u00e9but des Balades Educatives.<\/p>\n\n\n\n<figure class=\"wp-block-gallery has-nested-images columns-5 is-cropped wp-block-gallery-1 is-layout-flex wp-block-gallery-is-layout-flex\">\n<figure class=\"wp-block-image size-large\"><img loading=\"lazy\" decoding=\"async\" width=\"960\" height=\"640\" data-id=\"134\" src=\"https:\/\/unepatteunsabot.fr\/wp-content\/uploads\/2024\/02\/image-5.jpeg\" alt=\"\" class=\"wp-image-134\" srcset=\"https:\/\/unepatteunsabot.fr\/wp-content\/uploads\/2024\/02\/image-5.jpeg 960w, https:\/\/unepatteunsabot.fr\/wp-content\/uploads\/2024\/02\/image-5-300x200.jpeg 300w, https:\/\/unepatteunsabot.fr\/wp-content\/uploads\/2024\/02\/image-5-768x512.jpeg 768w\" sizes=\"auto, (max-width: 960px) 100vw, 960px\" \/><\/figure>\n\n\n\n<figure class=\"wp-block-image size-large\"><img loading=\"lazy\" decoding=\"async\" width=\"960\" height=\"640\" data-id=\"94\" src=\"https:\/\/unepatteunsabot.fr\/wp-content\/uploads\/2024\/01\/image-12.jpeg\" alt=\"\" class=\"wp-image-94\" srcset=\"https:\/\/unepatteunsabot.fr\/wp-content\/uploads\/2024\/01\/image-12.jpeg 960w, https:\/\/unepatteunsabot.fr\/wp-content\/uploads\/2024\/01\/image-12-300x200.jpeg 300w, https:\/\/unepatteunsabot.fr\/wp-content\/uploads\/2024\/01\/image-12-768x512.jpeg 768w\" sizes=\"auto, (max-width: 960px) 100vw, 960px\" \/><\/figure>\n\n\n\n<figure class=\"wp-block-image size-large\"><img loading=\"lazy\" decoding=\"async\" width=\"1024\" height=\"682\" data-id=\"131\" src=\"https:\/\/unepatteunsabot.fr\/wp-content\/uploads\/2024\/02\/image-2-1024x682.jpeg\" alt=\"\" class=\"wp-image-131\" srcset=\"https:\/\/unepatteunsabot.fr\/wp-content\/uploads\/2024\/02\/image-2-1024x682.jpeg 1024w, https:\/\/unepatteunsabot.fr\/wp-content\/uploads\/2024\/02\/image-2-300x200.jpeg 300w, https:\/\/unepatteunsabot.fr\/wp-content\/uploads\/2024\/02\/image-2-768x512.jpeg 768w, https:\/\/unepatteunsabot.fr\/wp-content\/uploads\/2024\/02\/image-2-1170x779.jpeg 1170w, https:\/\/unepatteunsabot.fr\/wp-content\/uploads\/2024\/02\/image-2.jpeg 1300w\" sizes=\"auto, (max-width: 1024px) 100vw, 1024px\" \/><\/figure>\n\n\n\n<figure class=\"wp-block-image size-large\"><img loading=\"lazy\" decoding=\"async\" width=\"1024\" height=\"683\" data-id=\"38\" src=\"https:\/\/unepatteunsabot.fr\/wp-content\/uploads\/2024\/01\/image-4-1024x683.jpeg\" alt=\"\" class=\"wp-image-38\" srcset=\"https:\/\/unepatteunsabot.fr\/wp-content\/uploads\/2024\/01\/image-4-1024x683.jpeg 1024w, https:\/\/unepatteunsabot.fr\/wp-content\/uploads\/2024\/01\/image-4-300x200.jpeg 300w, https:\/\/unepatteunsabot.fr\/wp-content\/uploads\/2024\/01\/image-4-768x512.jpeg 768w, https:\/\/unepatteunsabot.fr\/wp-content\/uploads\/2024\/01\/image-4-1170x780.jpeg 1170w, https:\/\/unepatteunsabot.fr\/wp-content\/uploads\/2024\/01\/image-4.jpeg 1300w\" sizes=\"auto, (max-width: 1024px) 100vw, 1024px\" \/><\/figure>\n\n\n\n<figure class=\"wp-block-image size-large\"><img loading=\"lazy\" decoding=\"async\" width=\"960\" height=\"640\" data-id=\"35\" src=\"https:\/\/unepatteunsabot.fr\/wp-content\/uploads\/2024\/01\/image-1.jpeg\" alt=\"\" class=\"wp-image-35\" srcset=\"https:\/\/unepatteunsabot.fr\/wp-content\/uploads\/2024\/01\/image-1.jpeg 960w, https:\/\/unepatteunsabot.fr\/wp-content\/uploads\/2024\/01\/image-1-300x200.jpeg 300w, https:\/\/unepatteunsabot.fr\/wp-content\/uploads\/2024\/01\/image-1-768x512.jpeg 768w\" sizes=\"auto, (max-width: 960px) 100vw, 960px\" \/><\/figure>\n<\/figure>\n\n\n\n<p class=\"has-text-align-center has-light-color has-text-color has-link-color has-small-font-size wp-elements-9efbc9f06e399a2cb182e9067aeb1fe9\">*Frais de d\u00e9placement inclus dans un rayon de 15km autour des Clayes Sous-Bois. Au del\u00e0 de 15km compter 0,85cts \/ km.<\/p>\n\n\n\n<p><\/p>\n<\/div>\n","protected":false},"excerpt":{"rendered":"<p>Quelque soit la race de votre chien, les balades sont n\u00e9cessaires \u00e0 son bien-\u00eatre et son bon d\u00e9veloppement. Balades \u00c9ducatives Individuelles Les Balades Educatives Individuelles permettent de r\u00e9pondre aux Besoins Fondamentaux de votre Chien, tout en travaillant sur certains Apprentissages ou une Probl\u00e9matique donn\u00e9e. Possibilit\u00e9 de travailler sur des Apprentissages \u00e0 renforcer comme le Rappel, [&hellip;]<\/p>\n","protected":false},"author":1,"featured_media":0,"parent":0,"menu_order":0,"comment_status":"closed","ping_status":"closed","template":"","meta":{"om_disable_all_campaigns":false,"_monsterinsights_skip_tracking":false,"_monsterinsights_sitenote_active":false,"_monsterinsights_sitenote_note":"","_monsterinsights_sitenote_category":0,"footnotes":""},"class_list":["post-59","page","type-page","status-publish","hentry"],"aioseo_notices":[],"_links":{"self":[{"href":"https:\/\/unepatteunsabot.fr\/index.php?rest_route=\/wp\/v2\/pages\/59","targetHints":{"allow":["GET"]}}],"collection":[{"href":"https:\/\/unepatteunsabot.fr\/index.php?rest_route=\/wp\/v2\/pages"}],"about":[{"href":"https:\/\/unepatteunsabot.fr\/index.php?rest_route=\/wp\/v2\/types\/page"}],"author":[{"embeddable":true,"href":"https:\/\/unepatteunsabot.fr\/index.php?rest_route=\/wp\/v2\/users\/1"}],"replies":[{"embeddable":true,"href":"https:\/\/unepatteunsabot.fr\/index.php?rest_route=%2Fwp%2Fv2%2Fcomments&post=59"}],"version-history":[{"count":33,"href":"https:\/\/unepatteunsabot.fr\/index.php?rest_route=\/wp\/v2\/pages\/59\/revisions"}],"predecessor-version":[{"id":611,"href":"https:\/\/unepatteunsabot.fr\/index.php?rest_route=\/wp\/v2\/pages\/59\/revisions\/611"}],"wp:attachment":[{"href":"https:\/\/unepatteunsabot.fr\/index.php?rest_route=%2Fwp%2Fv2%2Fmedia&parent=59"}],"curies":[{"name":"wp","href":"https:\/\/api.w.org\/{rel}","templated":true}]}}