{"id":61,"date":"2024-01-30T18:21:36","date_gmt":"2024-01-30T17:21:36","guid":{"rendered":"https:\/\/unepatteunsabot.fr\/?page_id=61"},"modified":"2026-02-28T18:23:15","modified_gmt":"2026-02-28T17:23:15","slug":"comportement","status":"publish","type":"page","link":"https:\/\/unepatteunsabot.fr\/?page_id=61","title":{"rendered":""},"content":{"rendered":"\n<div class=\"wp-block-cover alignfull\" style=\"min-height:100vh;aspect-ratio:unset;\"><img loading=\"lazy\" decoding=\"async\" width=\"1024\" height=\"683\" class=\"wp-block-cover__image-background wp-image-39\" alt=\"\" src=\"https:\/\/unepatteunsabot.fr\/wp-content\/uploads\/2024\/01\/image-5-1024x683.jpeg\" data-object-fit=\"cover\" srcset=\"https:\/\/unepatteunsabot.fr\/wp-content\/uploads\/2024\/01\/image-5-1024x683.jpeg 1024w, https:\/\/unepatteunsabot.fr\/wp-content\/uploads\/2024\/01\/image-5-300x200.jpeg 300w, https:\/\/unepatteunsabot.fr\/wp-content\/uploads\/2024\/01\/image-5-768x512.jpeg 768w, https:\/\/unepatteunsabot.fr\/wp-content\/uploads\/2024\/01\/image-5-1170x780.jpeg 1170w, https:\/\/unepatteunsabot.fr\/wp-content\/uploads\/2024\/01\/image-5.jpeg 1300w\" sizes=\"auto, (max-width: 1024px) 100vw, 1024px\" \/><span aria-hidden=\"true\" class=\"wp-block-cover__background has-background-dim\"><\/span><div class=\"wp-block-cover__inner-container is-layout-flow wp-block-cover-is-layout-flow\">\n<p class=\"has-text-align-center has-background-color has-text-color has-link-color has-large-font-size wp-elements-ebb6710c2d1e7811340825e5e22bdebb\">Comportement<\/p>\n<\/div><\/div>\n\n\n\n<h3 class=\"wp-block-heading has-text-align-center has-custom-couleur-5-color has-text-color has-link-color wp-elements-1373505d1d683cc050ab06b28e02c4fb\" style=\"font-size:1.4rem;font-style:normal;font-weight:500\">Vous rencontrez des difficult\u00e9s avec votre chien, au quotidien et vous ne savez pas comment y rem\u00e9dier ? <\/h3>\n\n\n\n<h1 class=\"wp-block-heading has-text-align-center has-custom-couleur-5-color has-text-color has-link-color wp-elements-0b5ca6810be61434fc1febee70a84133\" style=\"font-size:1.4rem;font-style:normal;font-weight:500\">Je vous accompagne, pour qu&#8217;ensemble nous puissions travailler sur ses comportements inadapt\u00e9s, afin d&#8217;apporter un mieux-\u00eatre \u00e0 vous, et votre chien.<\/h1>\n\n\n\n<div class=\"wp-block-columns alignwide is-layout-flex wp-container-core-columns-is-layout-d2da2050 wp-block-columns-is-layout-flex\" style=\"margin-bottom:0\">\n<div class=\"wp-block-column has-light-color has-custom-couleur-4-background-color has-text-color has-background has-link-color wp-elements-0290442d6f1339f8e5a2224eef6d1a1a is-layout-flow wp-block-column-is-layout-flow\" style=\"padding-top:2em;padding-right:2em;padding-bottom:2em;padding-left:2em\">\n<h2 class=\"wp-block-heading has-text-align-center\" id=\"single\" style=\"font-size:32px\"><strong>Bilan Comportemental<\/strong><\/h2>\n\n\n\n<p class=\"has-light-color has-text-color has-link-color has-normal-font-size wp-elements-ef7d6f4fcdede90106dc2f6879d49744\" style=\"line-height:1.5\"><\/p>\n\n\n\n<hr class=\"wp-block-separator has-css-opacity is-style-wide\"\/>\n\n\n\n<p class=\"has-text-align-center has-light-color has-text-color has-link-color has-base-font-size wp-elements-d622d053651a21899fc36f9bb06c12de\">Entretien portant sur les Conditions de D\u00e9veloppement de votre Chien, son Environnement de Vie, sa Personnalit\u00e9, son Budget-Temps ainsi que ses Apprentissages et Exp\u00e9riences de Vie. Il permet de d\u00e9terminer vos attentes en fonction de(s) \/ la probl\u00e9matique(s) rencontr\u00e9e(s).<\/p>\n\n\n\n<hr class=\"wp-block-separator has-text-color has-light-color has-alpha-channel-opacity has-light-background-color has-background is-style-wide\"\/>\n\n\n\n<ul class=\"wp-block-list has-background-color has-text-color has-link-color wp-elements-97c433125663b0e14fc21c856cb8272f\">\n<li class=\"has-small-font-size\">Entretien environ 2h<\/li>\n\n\n\n<li class=\"has-small-font-size\">A votre domicile<\/li>\n\n\n\n<li class=\"has-small-font-size\">Compte-rendu par mail<\/li>\n\n\n\n<li class=\"has-small-font-size\">Plan de travail personnalis\u00e9 selon vos attentes<\/li>\n\n\n\n<li class=\"has-small-font-size\">Fiches conseils<\/li>\n<\/ul>\n\n\n\n<div class=\"wp-block-buttons alignfull is-horizontal is-content-justification-center is-layout-flex wp-container-core-buttons-is-layout-03627597 wp-block-buttons-is-layout-flex\">\n<div class=\"wp-block-button has-custom-width wp-block-button__width-100\"><a class=\"wp-block-button__link has-white-color has-custom-couleur-5-background-color has-text-color has-background no-border-radius wp-element-button\">100\u20ac<\/a><\/div>\n<\/div>\n<\/div>\n\n\n\n<div class=\"wp-block-column has-light-color has-custom-couleur-4-background-color has-text-color has-background has-link-color wp-elements-8b60f9cc51fb9f140a76a20eba519bca is-layout-flow wp-block-column-is-layout-flow\" style=\"padding-top:2em;padding-right:2em;padding-bottom:2em;padding-left:2em\">\n<h2 class=\"wp-block-heading has-text-align-center\" id=\"family\" style=\"font-size:32px\"><strong>Cours de R\u00e9\u00e9ducation Comportementale<\/strong><\/h2>\n\n\n\n<p class=\"has-light-color has-text-color has-link-color has-normal-font-size wp-elements-ef7d6f4fcdede90106dc2f6879d49744\" style=\"line-height:1.5\"><\/p>\n\n\n\n<hr class=\"wp-block-separator has-css-opacity is-style-wide\"\/>\n\n\n\n<p class=\"has-text-align-center has-light-color has-text-color has-link-color has-base-font-size wp-elements-ddb735e81746cf81bebdb70d0ffd2a1e\">Cours de mise en pratique permettant le Travail Approfondi sur le \/ les Probl\u00e9matique(s) Cibl\u00e9e(s) lors du Bilan Comportemental. Travail sur la R\u00e9activit\u00e9 Cong\u00e9n\u00e8res, sur la Cohabitation Inter-Esp\u00e8ces, sur les Phobies&#8230;<\/p>\n\n\n\n<hr class=\"wp-block-separator has-text-color has-light-color has-alpha-channel-opacity has-light-background-color has-background is-style-wide\"\/>\n\n\n\n<ul class=\"wp-block-list has-background-color has-text-color has-link-color wp-elements-254c26cfa4f66ac92c83d3e07243ebb2\">\n<li class=\"has-small-font-size\">A votre domicile, en parc, en ville, en for\u00eat \/ dans les champs<\/li>\n\n\n\n<li class=\"has-small-font-size\">Dur\u00e9e 1h<\/li>\n\n\n\n<li class=\"has-small-font-size\">Adapt\u00e9 \u00e0 vos besoins<\/li>\n<\/ul>\n\n\n\n<div class=\"wp-block-buttons alignfull is-horizontal is-content-justification-center is-layout-flex wp-container-core-buttons-is-layout-03627597 wp-block-buttons-is-layout-flex\">\n<div class=\"wp-block-button has-custom-width wp-block-button__width-100 is-style-fill\"><a class=\"wp-block-button__link has-white-color has-custom-couleur-5-background-color has-text-color has-background no-border-radius wp-element-button\">70\u20ac<\/a><\/div>\n<\/div>\n<\/div>\n\n\n\n<div class=\"wp-block-column has-background-color has-custom-couleur-4-background-color has-text-color has-background has-link-color wp-elements-3ffb5f1f84969ed342c535d0a6099d53 is-layout-flow wp-block-column-is-layout-flow\" style=\"padding-top:2em;padding-right:2em;padding-bottom:2em;padding-left:2em\">\n<h2 class=\"wp-block-heading has-text-align-center\" id=\"patron\" style=\"font-size:32px\"><strong>Consultation de Suivi<\/strong><\/h2>\n\n\n\n<p class=\"has-light-color has-text-color has-link-color has-normal-font-size wp-elements-8d72aa5c4c49019a3199d2e82073d4ff\"><\/p>\n\n\n\n<hr class=\"wp-block-separator has-css-opacity is-style-wide\"\/>\n\n\n\n<p class=\"has-text-align-center has-light-color has-text-color has-link-color has-base-font-size wp-elements-26c027f72ec9b184177826ecdf1bc5cd\">S\u00e9ance permettant de faire le Point sur le \/ les Probl\u00e9matique(s) Rencontr\u00e9e(s), afin d&#8217;effectuer des Ajustements qui pourraient \u00eatre n\u00e9cessaires sur des Probl\u00e9matiques comme la Destruction, la Malpropret\u00e9, les Difficult\u00e9s avec la Solitude&#8230;<\/p>\n\n\n\n<hr class=\"wp-block-separator has-text-color has-light-color has-alpha-channel-opacity has-light-background-color has-background is-style-wide\"\/>\n\n\n\n<ul class=\"wp-block-list has-background-color has-text-color has-link-color wp-elements-72412ab339d6a0b6a91167eb840ac3cc\">\n<li class=\"has-small-font-size\">A votre domicile<\/li>\n\n\n\n<li class=\"has-small-font-size\">Dur\u00e9e 45min\/1h<\/li>\n\n\n\n<li class=\"has-small-font-size\">Adapt\u00e9 \u00e0 vos besoins<\/li>\n<\/ul>\n\n\n\n<div class=\"wp-block-buttons alignfull is-horizontal is-content-justification-center is-layout-flex wp-container-core-buttons-is-layout-03627597 wp-block-buttons-is-layout-flex\">\n<div class=\"wp-block-button has-custom-width wp-block-button__width-100\"><a class=\"wp-block-button__link has-light-color has-custom-couleur-5-background-color has-text-color has-background no-border-radius wp-element-button\">50\u20ac<\/a><\/div>\n<\/div>\n<\/div>\n<\/div>\n\n\n\n<div class=\"wp-block-group alignwide ona-container has-background-color has-custom-couleur-5-background-color has-text-color has-background has-link-color wp-elements-ccf2f3293cce5f105c12c1434ec0f27e is-layout-flow wp-block-group-is-layout-flow\" style=\"padding-top:100px;padding-bottom:20px\">\n<p class=\"has-text-align-center has-light-color has-text-color has-link-color wp-elements-db8dcc6bf37c3ff2d584ed33723c159d\">Le Bilan Comportemental doit \u00eatre effectu\u00e9 avant le d\u00e9but de cours de r\u00e9\u00e9ducation canine.<\/p>\n\n\n\n<figure class=\"wp-block-gallery has-nested-images columns-5 is-cropped wp-block-gallery-1 is-layout-flex wp-block-gallery-is-layout-flex\">\n<figure class=\"wp-block-image size-large\"><img loading=\"lazy\" decoding=\"async\" width=\"960\" height=\"640\" data-id=\"134\" src=\"https:\/\/unepatteunsabot.fr\/wp-content\/uploads\/2024\/02\/image-5.jpeg\" alt=\"\" class=\"wp-image-134\" srcset=\"https:\/\/unepatteunsabot.fr\/wp-content\/uploads\/2024\/02\/image-5.jpeg 960w, https:\/\/unepatteunsabot.fr\/wp-content\/uploads\/2024\/02\/image-5-300x200.jpeg 300w, https:\/\/unepatteunsabot.fr\/wp-content\/uploads\/2024\/02\/image-5-768x512.jpeg 768w\" sizes=\"auto, (max-width: 960px) 100vw, 960px\" \/><\/figure>\n\n\n\n<figure class=\"wp-block-image size-large\"><img loading=\"lazy\" decoding=\"async\" width=\"960\" height=\"640\" data-id=\"94\" src=\"https:\/\/unepatteunsabot.fr\/wp-content\/uploads\/2024\/01\/image-12.jpeg\" alt=\"\" class=\"wp-image-94\" srcset=\"https:\/\/unepatteunsabot.fr\/wp-content\/uploads\/2024\/01\/image-12.jpeg 960w, https:\/\/unepatteunsabot.fr\/wp-content\/uploads\/2024\/01\/image-12-300x200.jpeg 300w, https:\/\/unepatteunsabot.fr\/wp-content\/uploads\/2024\/01\/image-12-768x512.jpeg 768w\" sizes=\"auto, (max-width: 960px) 100vw, 960px\" \/><\/figure>\n\n\n\n<figure class=\"wp-block-image size-large\"><img loading=\"lazy\" decoding=\"async\" width=\"1024\" height=\"682\" data-id=\"131\" src=\"https:\/\/unepatteunsabot.fr\/wp-content\/uploads\/2024\/02\/image-2-1024x682.jpeg\" alt=\"\" class=\"wp-image-131\" srcset=\"https:\/\/unepatteunsabot.fr\/wp-content\/uploads\/2024\/02\/image-2-1024x682.jpeg 1024w, https:\/\/unepatteunsabot.fr\/wp-content\/uploads\/2024\/02\/image-2-300x200.jpeg 300w, https:\/\/unepatteunsabot.fr\/wp-content\/uploads\/2024\/02\/image-2-768x512.jpeg 768w, https:\/\/unepatteunsabot.fr\/wp-content\/uploads\/2024\/02\/image-2-1170x779.jpeg 1170w, https:\/\/unepatteunsabot.fr\/wp-content\/uploads\/2024\/02\/image-2.jpeg 1300w\" sizes=\"auto, (max-width: 1024px) 100vw, 1024px\" \/><\/figure>\n\n\n\n<figure class=\"wp-block-image size-large\"><img loading=\"lazy\" decoding=\"async\" width=\"1024\" height=\"683\" data-id=\"38\" src=\"https:\/\/unepatteunsabot.fr\/wp-content\/uploads\/2024\/01\/image-4-1024x683.jpeg\" alt=\"\" class=\"wp-image-38\" srcset=\"https:\/\/unepatteunsabot.fr\/wp-content\/uploads\/2024\/01\/image-4-1024x683.jpeg 1024w, https:\/\/unepatteunsabot.fr\/wp-content\/uploads\/2024\/01\/image-4-300x200.jpeg 300w, https:\/\/unepatteunsabot.fr\/wp-content\/uploads\/2024\/01\/image-4-768x512.jpeg 768w, https:\/\/unepatteunsabot.fr\/wp-content\/uploads\/2024\/01\/image-4-1170x780.jpeg 1170w, https:\/\/unepatteunsabot.fr\/wp-content\/uploads\/2024\/01\/image-4.jpeg 1300w\" sizes=\"auto, (max-width: 1024px) 100vw, 1024px\" \/><\/figure>\n\n\n\n<figure class=\"wp-block-image size-large\"><img loading=\"lazy\" decoding=\"async\" width=\"960\" height=\"640\" data-id=\"35\" src=\"https:\/\/unepatteunsabot.fr\/wp-content\/uploads\/2024\/01\/image-1.jpeg\" alt=\"\" class=\"wp-image-35\" srcset=\"https:\/\/unepatteunsabot.fr\/wp-content\/uploads\/2024\/01\/image-1.jpeg 960w, https:\/\/unepatteunsabot.fr\/wp-content\/uploads\/2024\/01\/image-1-300x200.jpeg 300w, https:\/\/unepatteunsabot.fr\/wp-content\/uploads\/2024\/01\/image-1-768x512.jpeg 768w\" sizes=\"auto, (max-width: 960px) 100vw, 960px\" \/><\/figure>\n<\/figure>\n\n\n\n<p class=\"has-text-align-center has-light-color has-text-color has-link-color has-small-font-size wp-elements-9efbc9f06e399a2cb182e9067aeb1fe9\">*Frais de d\u00e9placement inclus dans un rayon de 15km autour des Clayes Sous-Bois. Au del\u00e0 de 15km compter 0,85cts \/ km.<\/p>\n\n\n\n<p><\/p>\n<\/div>\n","protected":false},"excerpt":{"rendered":"<p>Vous rencontrez des difficult\u00e9s avec votre chien, au quotidien et vous ne savez pas comment y rem\u00e9dier ? Je vous accompagne, pour qu&#8217;ensemble nous puissions travailler sur ses comportements inadapt\u00e9s, afin d&#8217;apporter un mieux-\u00eatre \u00e0 vous, et votre chien. Bilan Comportemental Entretien portant sur les Conditions de D\u00e9veloppement de votre Chien, son Environnement de Vie, [&hellip;]<\/p>\n","protected":false},"author":1,"featured_media":0,"parent":0,"menu_order":0,"comment_status":"closed","ping_status":"closed","template":"","meta":{"om_disable_all_campaigns":false,"_monsterinsights_skip_tracking":false,"_monsterinsights_sitenote_active":false,"_monsterinsights_sitenote_note":"","_monsterinsights_sitenote_category":0,"footnotes":""},"class_list":["post-61","page","type-page","status-publish","hentry"],"aioseo_notices":[],"_links":{"self":[{"href":"https:\/\/unepatteunsabot.fr\/index.php?rest_route=\/wp\/v2\/pages\/61","targetHints":{"allow":["GET"]}}],"collection":[{"href":"https:\/\/unepatteunsabot.fr\/index.php?rest_route=\/wp\/v2\/pages"}],"about":[{"href":"https:\/\/unepatteunsabot.fr\/index.php?rest_route=\/wp\/v2\/types\/page"}],"author":[{"embeddable":true,"href":"https:\/\/unepatteunsabot.fr\/index.php?rest_route=\/wp\/v2\/users\/1"}],"replies":[{"embeddable":true,"href":"https:\/\/unepatteunsabot.fr\/index.php?rest_route=%2Fwp%2Fv2%2Fcomments&post=61"}],"version-history":[{"count":43,"href":"https:\/\/unepatteunsabot.fr\/index.php?rest_route=\/wp\/v2\/pages\/61\/revisions"}],"predecessor-version":[{"id":600,"href":"https:\/\/unepatteunsabot.fr\/index.php?rest_route=\/wp\/v2\/pages\/61\/revisions\/600"}],"wp:attachment":[{"href":"https:\/\/unepatteunsabot.fr\/index.php?rest_route=%2Fwp%2Fv2%2Fmedia&parent=61"}],"curies":[{"name":"wp","href":"https:\/\/api.w.org\/{rel}","templated":true}]}}