{"id":65,"date":"2024-01-30T18:22:11","date_gmt":"2024-01-30T17:22:11","guid":{"rendered":"https:\/\/unepatteunsabot.fr\/?page_id=65"},"modified":"2024-02-22T22:45:59","modified_gmt":"2024-02-22T21:45:59","slug":"a-propos","status":"publish","type":"page","link":"https:\/\/unepatteunsabot.fr\/?page_id=65","title":{"rendered":"A propos"},"content":{"rendered":"\n<div class=\"wp-block-group alignwide has-custom-couleur-5-background-color has-background is-layout-constrained wp-container-core-group-is-layout-e51076de wp-block-group-is-layout-constrained\" style=\"padding-top:110px;padding-right:1.5rem;padding-bottom:110px;padding-left:1.5rem\">\n<div class=\"wp-block-columns is-layout-flex wp-container-core-columns-is-layout-e05d3243 wp-block-columns-is-layout-flex\" style=\"padding-top:0px;padding-right:0px;padding-bottom:0px;padding-left:0px\">\n<div class=\"wp-block-column is-layout-flow wp-block-column-is-layout-flow\">\n<div class=\"wp-block-group has-background-background-color has-background is-layout-flow wp-block-group-is-layout-flow\" style=\"padding-top:12%;padding-right:12%;padding-bottom:12%;padding-left:12%\">\n<h2 class=\"wp-block-heading is-style-ona-alt-font has-custom-couleur-5-color has-text-color has-medium-large-font-size\" id=\"my-travel-gear\" style=\"line-height:1.2\">Qui suis-je ? <\/h2>\n\n\n\n<p class=\"has-text-align-left has-custom-couleur-5-color has-text-color has-link-color has-base-font-size wp-elements-241dc4ae69b815360f855665807c702d\">Je m&#8217;appelle Lauren FROTTIER, je suis Educatrice Comportementaliste Canin, dipl\u00f4m\u00e9e par Animal University &amp; l&#8217;Universit\u00e9 Paris Nanterre.<\/p>\n\n\n\n<p class=\"has-custom-couleur-5-color has-text-color has-link-color has-base-font-size wp-elements-c3b88abb55005131c2f1cf038caf32e3\">Apr\u00e8s avoir effectu\u00e9e un parcours en Psychologie, je fais le choix de rejoindre le domaine qui a toujours \u00e9t\u00e9 au plus profond de mon c\u0153ur : Les Animaux.<\/p>\n\n\n\n<p class=\"has-custom-couleur-5-color has-text-color has-link-color has-base-font-size wp-elements-1f904fb4174656f68ba877dc5d93221e\">J&#8217;int\u00e8gre donc, la promotion 2022\/2023 de la Licence Professionnelle M\u00e9tiers de la Relation \u00e0 l&#8217;Animal Compagnon. Apr\u00e8s une ann\u00e9e d&#8217;\u00e9tude bas\u00e9e sur l&#8217;Ethologie, entour\u00e9e de professionnels du Chien et du Chat, j&#8217;obtiens mon dipl\u00f4me Mention Tr\u00e8s Bien ainsi que les Titres d&#8217;Educatrice Comportementaliste Canin &amp; F\u00e9lin, et d&#8217;Intervenante en M\u00e9diation Animale. <\/p>\n\n\n\n<div style=\"height:10px\" aria-hidden=\"true\" class=\"wp-block-spacer\"><\/div>\n<\/div>\n<\/div>\n\n\n\n<div class=\"wp-block-column is-style-no-spacing is-layout-flow wp-block-column-is-layout-flow\">\n<div class=\"wp-block-cover is-vertically-stretched\"><span aria-hidden=\"true\" class=\"wp-block-cover__background has-background-dim-0 has-background-dim\"><\/span><img loading=\"lazy\" decoding=\"async\" width=\"1066\" height=\"1066\" class=\"wp-block-cover__image-background wp-image-295\" alt=\"\" src=\"https:\/\/unepatteunsabot.fr\/wp-content\/uploads\/2024\/02\/WhatsApp-Image-2023-08-29-a-00.03.09.jpg\" data-object-fit=\"cover\" srcset=\"https:\/\/unepatteunsabot.fr\/wp-content\/uploads\/2024\/02\/WhatsApp-Image-2023-08-29-a-00.03.09.jpg 1066w, https:\/\/unepatteunsabot.fr\/wp-content\/uploads\/2024\/02\/WhatsApp-Image-2023-08-29-a-00.03.09-300x300.jpg 300w, https:\/\/unepatteunsabot.fr\/wp-content\/uploads\/2024\/02\/WhatsApp-Image-2023-08-29-a-00.03.09-1024x1024.jpg 1024w, https:\/\/unepatteunsabot.fr\/wp-content\/uploads\/2024\/02\/WhatsApp-Image-2023-08-29-a-00.03.09-150x150.jpg 150w, https:\/\/unepatteunsabot.fr\/wp-content\/uploads\/2024\/02\/WhatsApp-Image-2023-08-29-a-00.03.09-768x768.jpg 768w\" sizes=\"auto, (max-width: 1066px) 100vw, 1066px\" \/><div class=\"wp-block-cover__inner-container is-layout-flow wp-block-cover-is-layout-flow\">\n<p class=\"has-text-align-center has-large-font-size\"><\/p>\n<\/div><\/div>\n<\/div>\n<\/div>\n<\/div>\n\n\n\n<div class=\"wp-block-media-text alignwide is-stacked-on-mobile is-vertically-aligned-center has-custom-couleur-5-background-color has-background\" style=\"grid-template-columns:47% auto\"><figure class=\"wp-block-media-text__media\"><img loading=\"lazy\" decoding=\"async\" width=\"1024\" height=\"819\" src=\"https:\/\/unepatteunsabot.fr\/wp-content\/uploads\/2024\/02\/Beige-minimalist-photo-collage-1024x819.png\" alt=\"\" class=\"wp-image-344 size-full\" srcset=\"https:\/\/unepatteunsabot.fr\/wp-content\/uploads\/2024\/02\/Beige-minimalist-photo-collage-1024x819.png 1024w, https:\/\/unepatteunsabot.fr\/wp-content\/uploads\/2024\/02\/Beige-minimalist-photo-collage-300x240.png 300w, https:\/\/unepatteunsabot.fr\/wp-content\/uploads\/2024\/02\/Beige-minimalist-photo-collage-768x614.png 768w, https:\/\/unepatteunsabot.fr\/wp-content\/uploads\/2024\/02\/Beige-minimalist-photo-collage-1536x1229.png 1536w, https:\/\/unepatteunsabot.fr\/wp-content\/uploads\/2024\/02\/Beige-minimalist-photo-collage-1170x936.png 1170w, https:\/\/unepatteunsabot.fr\/wp-content\/uploads\/2024\/02\/Beige-minimalist-photo-collage.png 2000w\" sizes=\"auto, (max-width: 1024px) 100vw, 1024px\" \/><\/figure><div class=\"wp-block-media-text__content\">\n<div class=\"wp-block-group is-layout-flow wp-block-group-is-layout-flow\" style=\"padding-top:2em;padding-right:2em;padding-bottom:2em;padding-left:2em\">\n<p><\/p>\n\n\n\n<p class=\"is-style-ona-alt-font has-background-color has-text-color has-medium-large-font-size\" style=\"line-height:1.2\">Mes fid\u00e8les compagnons :<\/p>\n\n\n\n<p class=\"has-background-color has-text-color has-link-color has-base-font-size wp-elements-0ece0574e0d655d8ac370f40c675d851\" style=\"margin-top:var(--wp--preset--spacing--30);margin-right:0;margin-bottom:var(--wp--preset--spacing--30);margin-left:0;padding-top:0;padding-right:0;padding-bottom:0;padding-left:0;font-style:normal;font-weight:500;text-transform:none\">J&#8217;ai toujours v\u00e9cu avec les animaux. D\u00e8s mon enfance, c&#8217;est aupr\u00e8s d&#8217;eux que je trouve mon r\u00e9confort. En F\u00e9vrier 2010, ma famille et moi adoptions Elya, notre tout premier chien. Le chien qui nous accompagnera lors de tous nos voyages, et qui marquera chaque \u00e9tape de ma vie, de l&#8217;enfance \u00e0 la vie de jeune adulte. Egalement cavali\u00e8re pendant plus de 15 ans, en F\u00e9vrier 2016, Krunch rejoint ma famille pour profiter d&#8217;une douce retraite plus que m\u00e9rit\u00e9e avec une vie de club. <\/p>\n\n\n\n<p class=\"has-background-color has-text-color has-link-color has-base-font-size wp-elements-25784cc9f35c8d93d85f28f802116611\" style=\"margin-top:var(--wp--preset--spacing--30);margin-right:0;margin-bottom:var(--wp--preset--spacing--30);margin-left:0;padding-top:0;padding-right:0;padding-bottom:0;padding-left:0;font-style:normal;font-weight:300;text-transform:none\">C&#8217;est en Octobre 2017, que Ninja viendra nous rejoindre, et deviendra le plus fid\u00e8le compagnon d&#8217;Elya. Il m&#8217;accompagne absolument partout, et est finalement \u00e0 l&#8217;origine de cette passion pour l&#8217;Education et le Comportement Canin. <\/p>\n\n\n\n<p class=\"has-background-color has-text-color has-link-color has-base-font-size wp-elements-1cbe8c5baaeafb28cdb228cb4ab3e320\">Enfin, en Novembre 2023, Ti&#8217;Th\u00e9, arrive chez nous. Adopt\u00e9 en association, sauv\u00e9 de la rue. Il pourra devenir Lapin M\u00e9diateur pour intervenir aupr\u00e8s de Personnes Ag\u00e9es et d&#8217;Enfants, si le c\u0153ur lui en dit.<\/p>\n<\/div>\n<\/div><\/div>\n\n\n\n<div class=\"wp-block-group alignwide has-background-background-color has-background is-layout-flow wp-block-group-is-layout-flow\" style=\"padding-top:12%;padding-right:12%;padding-bottom:12%;padding-left:12%\">\n<h2 class=\"wp-block-heading is-style-ona-alt-font has-custom-couleur-5-color has-text-color has-medium-large-font-size\" id=\"my-travel-gear\" style=\"line-height:1.2\">Mes Formations<\/h2>\n\n\n\n<ul class=\"wp-block-list\">\n<li class=\"has-base-font-size wp-elements-62fda5036998f3f9f7d205f667f3a0a1\">Licence Professionnelle M\u00e9tiers de la Relation \u00e0 l&#8217;Animal Compagnon : Education, Comportement, M\u00e9diation par Animal University &amp; Universit\u00e9 Paris-Nanterre<\/li>\n\n\n\n<li class=\"has-base-font-size wp-elements-08e8bc152214bb1d682741334e7561ab\">Licence de Psychologie \u00e0 l&#8217;Universit\u00e9 Paris-Nanterre<\/li>\n\n\n\n<li class=\"has-base-font-size wp-elements-1f01e0bf864248eba24107856a5e41b9\">ACACED : Chiens, Chats et Autres<\/li>\n\n\n\n<li class=\"has-base-font-size wp-elements-65b1b58b3e232e06a496545bd1052dfc\">Secourisme Canin &amp; F\u00e9lin par ZooPro<\/li>\n\n\n\n<li class=\"has-base-font-size wp-elements-c7921a492ff4435713b999ad36501ad3\">Certificat de Capacit\u00e9 : D\u00e9tenteur d&#8217;Equid\u00e9s<\/li>\n<\/ul>\n\n\n\n<p><\/p>\n\n\n\n<h2 class=\"wp-block-heading is-style-ona-alt-font has-custom-couleur-5-color has-text-color has-medium-large-font-size\" id=\"my-travel-gear\" style=\"line-height:1.2\">Mes Stages<\/h2>\n\n\n\n<ul class=\"wp-block-list\">\n<li class=\"has-base-font-size wp-elements-ca08c023094cab54c5d3af9ffaecdf86\">Stage de Psychologie en EHPAD aupr\u00e8s des Personnes \u00c2g\u00e9es souffrant de la Maladie d&#8217;Alzheimer, de la Maladie de Parkinson, de D\u00e9pression&#8230;<\/li>\n\n\n\n<li class=\"has-base-font-size wp-elements-9ff289916c8676aa05305e384f0a0a29\">Stage de M\u00e9diation Equine \u00e0 Epona Club Nature aupr\u00e8s d&#8217;Enfants Polyhandicap\u00e9s, de Personnes Ag\u00e9es en Maison M\u00e9dicalis\u00e9e, d&#8217;Enfants en Ecole Maternelle&#8230;<\/li>\n\n\n\n<li class=\"has-base-font-size wp-elements-58ebf1029aeccc07d2e59ce2477ed57b\">Stage d&#8217;Education &amp; de Comportement Canin aupr\u00e8s d&#8217;Une Vie de Chien, \u00e0 Asni\u00e8res sur Seine.<\/li>\n\n\n\n<li class=\"has-base-font-size wp-elements-6f3514c608fc3605e60fada03673bc9e\">Pratique aupr\u00e8s des chiens de la SPA de Gennevilliers avec Sandrine Verneaut<\/li>\n<\/ul>\n\n\n\n<p><\/p>\n\n\n\n<h2 class=\"wp-block-heading is-style-ona-alt-font has-custom-couleur-5-color has-text-color has-medium-large-font-size\" id=\"my-travel-gear\" style=\"line-height:1.2\">Mes Conf\u00e9rences &amp; Webinaires<\/h2>\n\n\n\n<ul class=\"wp-block-list\">\n<li class=\"has-base-font-size wp-elements-b3ac9561bd1ffccbd4a231083e64dea8\">Congr\u00e8s Pet Revolution 2022\/2023<\/li>\n\n\n\n<li class=\"has-base-font-size wp-elements-398d5917d4a5d2b3d44c05d57ba47ea8\">Congr\u00e8s du Chien 2023<\/li>\n\n\n\n<li class=\"has-base-font-size wp-elements-83b194fb6d9a1a62f8be1e859b1fcde5\">Webinaire Chien R\u00e9actif par Evolution Canine<\/li>\n<\/ul>\n\n\n\n<figure class=\"wp-block-image aligncenter is-resized\"><img loading=\"lazy\" decoding=\"async\" width=\"2560\" height=\"2560\" src=\"https:\/\/unepatteunsabot.fr\/wp-content\/uploads\/2024\/02\/Prestations-2-scaled.jpg\" alt=\"\" class=\"wp-image-232\" style=\"width:222px;height:auto\" srcset=\"https:\/\/unepatteunsabot.fr\/wp-content\/uploads\/2024\/02\/Prestations-2-scaled.jpg 2560w, https:\/\/unepatteunsabot.fr\/wp-content\/uploads\/2024\/02\/Prestations-2-300x300.jpg 300w, https:\/\/unepatteunsabot.fr\/wp-content\/uploads\/2024\/02\/Prestations-2-1024x1024.jpg 1024w, https:\/\/unepatteunsabot.fr\/wp-content\/uploads\/2024\/02\/Prestations-2-150x150.jpg 150w, https:\/\/unepatteunsabot.fr\/wp-content\/uploads\/2024\/02\/Prestations-2-768x768.jpg 768w, https:\/\/unepatteunsabot.fr\/wp-content\/uploads\/2024\/02\/Prestations-2-1536x1536.jpg 1536w, https:\/\/unepatteunsabot.fr\/wp-content\/uploads\/2024\/02\/Prestations-2-2048x2048.jpg 2048w, https:\/\/unepatteunsabot.fr\/wp-content\/uploads\/2024\/02\/Prestations-2-1170x1170.jpg 1170w\" sizes=\"auto, (max-width: 2560px) 100vw, 2560px\" \/><\/figure>\n\n\n\n<div style=\"height:10px\" aria-hidden=\"true\" class=\"wp-block-spacer\"><\/div>\n<\/div>\n","protected":false},"excerpt":{"rendered":"<p>Qui suis-je ? Je m&#8217;appelle Lauren FROTTIER, je suis Educatrice Comportementaliste Canin, dipl\u00f4m\u00e9e par Animal University &amp; l&#8217;Universit\u00e9 Paris Nanterre. Apr\u00e8s avoir effectu\u00e9e un parcours en Psychologie, je fais le choix de rejoindre le domaine qui a toujours \u00e9t\u00e9 au plus profond de mon c\u0153ur : Les Animaux. J&#8217;int\u00e8gre donc, la promotion 2022\/2023 de la [&hellip;]<\/p>\n","protected":false},"author":1,"featured_media":0,"parent":0,"menu_order":0,"comment_status":"closed","ping_status":"closed","template":"","meta":{"om_disable_all_campaigns":false,"_monsterinsights_skip_tracking":false,"_monsterinsights_sitenote_active":false,"_monsterinsights_sitenote_note":"","_monsterinsights_sitenote_category":0,"footnotes":""},"class_list":["post-65","page","type-page","status-publish","hentry"],"aioseo_notices":[],"_links":{"self":[{"href":"https:\/\/unepatteunsabot.fr\/index.php?rest_route=\/wp\/v2\/pages\/65","targetHints":{"allow":["GET"]}}],"collection":[{"href":"https:\/\/unepatteunsabot.fr\/index.php?rest_route=\/wp\/v2\/pages"}],"about":[{"href":"https:\/\/unepatteunsabot.fr\/index.php?rest_route=\/wp\/v2\/types\/page"}],"author":[{"embeddable":true,"href":"https:\/\/unepatteunsabot.fr\/index.php?rest_route=\/wp\/v2\/users\/1"}],"replies":[{"embeddable":true,"href":"https:\/\/unepatteunsabot.fr\/index.php?rest_route=%2Fwp%2Fv2%2Fcomments&post=65"}],"version-history":[{"count":42,"href":"https:\/\/unepatteunsabot.fr\/index.php?rest_route=\/wp\/v2\/pages\/65\/revisions"}],"predecessor-version":[{"id":378,"href":"https:\/\/unepatteunsabot.fr\/index.php?rest_route=\/wp\/v2\/pages\/65\/revisions\/378"}],"wp:attachment":[{"href":"https:\/\/unepatteunsabot.fr\/index.php?rest_route=%2Fwp%2Fv2%2Fmedia&parent=65"}],"curies":[{"name":"wp","href":"https:\/\/api.w.org\/{rel}","templated":true}]}}